{"id":1792,"date":"2023-07-20T13:02:27","date_gmt":"2023-07-20T16:02:27","guid":{"rendered":"https:\/\/vifiber.com.br\/v2\/?page_id=1792"},"modified":"2023-09-22T11:12:50","modified_gmt":"2023-09-22T14:12:50","slug":"solucao-de-parafina","status":"publish","type":"page","link":"https:\/\/vifiber.com.br\/v2\/solucao-de-parafina\/","title":{"rendered":"Solu\u00e7\u00e3o de Parafina"},"content":{"rendered":"\t\t<div data-elementor-type=\"wp-page\" data-elementor-id=\"1792\" class=\"elementor elementor-1792\" data-elementor-post-type=\"page\">\n\t\t\t\t<div class=\"elementor-element elementor-element-464c94f e-con-full e-flex e-con e-parent\" data-id=\"464c94f\" data-element_type=\"container\" data-e-type=\"container\">\n\t\t\t\t<div class=\"elementor-element elementor-element-91050ea elementor-widget__width-inherit elementor-hidden-mobile elementor-widget elementor-widget-prime-slider-general\" data-id=\"91050ea\" data-element_type=\"widget\" data-e-type=\"widget\" data-widget_type=\"prime-slider-general.default\">\n\t\t\t\t<div class=\"elementor-widget-container\">\n\t\t\t\t\t\t\t<div class=\"bdt-prime-slider\">\n\t\t\t<div class=\"bdt-prime-slider-skin-general\">\n\t\t\t\t<div class=\"bdt-position-relative bdt-visible-toggle\" bdt-slideshow=\"{&quot;animation&quot;:&quot;scale&quot;,&quot;ratio&quot;:&quot;1680:438&quot;,&quot;min-height&quot;:200,&quot;autoplay&quot;:true,&quot;autoplay-interval&quot;:7000,&quot;pause-on-hover&quot;:false,&quot;draggable&quot;:true,&quot;velocity&quot;:1,&quot;finite&quot;:false}\" data-settings=\"{&quot;id&quot;:&quot;#bdt-91050ea&quot;,&quot;animation_status&quot;:&quot;no&quot;}\" id=\"bdt-91050ea\">\n\t\t\t\t\t<ul class=\"bdt-slideshow-items\">\n\t\t\t\t\t\t\n\t\t\t<li\n\t\t\t\tclass=\"bdt-slideshow-item bdt-flex bdt-flex-middle bdt-flex-center elementor-repeater-item-21461a4\">\n\t\t\t\t\n\t\t\t\t\t\t\t\t\t\t\t\n\t\t<div class=\"bdt-ps-slide-img\" style=\"background-image: url('https:\/\/vifiber.com.br\/v2\/wp-content\/uploads\/2023\/09\/banner-solucao-de-parafina-2a.jpg')\"><\/div>\n\n\t\t\t\t\t\t\t\n\t\t\t\t\t\n\t\t\t\t\n\t\t\t\t\t\t<div class=\"bdt-prime-slider-wrapper\">\n\t\t\t<div class=\"bdt-prime-slider-content\">\n\t\t\t\t<div class=\"bdt-prime-slider-desc\">\n\n\t\t\t\t\t\n\t\t\t\t\t\n\t\t\t\t\t\n\t\t\t\t\t<div >\n\t\t\t\t\t\t<div class=\"bdt-btn-wrapper\">\n\t\t\t\t\t\t\t\t\t\t\t\t\t<\/div>\n\t\t\t\t\t<\/div>\n\t\t\t\t<\/div>\n\n\t\t\t\t\n\t\t\t<\/div>\n\t\t<\/div>\n\t\t\t\t\t<\/li>\n\n\t\t\n\t\t\t\t\t<\/ul>\n\t\t\t\t\t\n\t\t\t\t\t\t\t\t<div class=\"reveal-muted\">\n\t\t\t\t<a class=\"bdt-position-bottom-right bdt-prime-slider-previous\" href=\"#\" bdt-slidenav-previous\n\t\t\t\t\tbdt-slideshow-item=\"previous\"><\/a>\n\t\t\t\t<a class=\"bdt-position-bottom-right bdt-prime-slider-next\" href=\"#\" bdt-slidenav-next bdt-slideshow-item=\"next\"><\/a>\n\t\t\t<\/div>\n\n\t\t\n\t\t\t\t\t\t\t\n\t\t\t\t\t<div >\n\t\t\t\t<ul class=\"bdt-slideshow-nav bdt-dotnav bdt-margin-large bdt-position-bottom-left bdt-text-center reveal-muted\">\n\t\t\t\t<\/ul>\n\t\t\t<\/div>\n\t\t\n\t\t\t\t\t\t<\/div>\n\t\t\t\t\t\t\t\t\t\t\t<\/div>\n\t\t<\/div>\n\t\t\t\t\t\t<\/div>\n\t\t\t\t<\/div>\n\t\t\t\t<div class=\"elementor-element elementor-element-2cebeb9 elementor-widget__width-inherit elementor-hidden-desktop elementor-hidden-tablet elementor-widget elementor-widget-prime-slider-general\" data-id=\"2cebeb9\" data-element_type=\"widget\" data-e-type=\"widget\" data-widget_type=\"prime-slider-general.default\">\n\t\t\t\t<div class=\"elementor-widget-container\">\n\t\t\t\t\t\t\t<div class=\"bdt-prime-slider\">\n\t\t\t<div class=\"bdt-prime-slider-skin-general\">\n\t\t\t\t<div class=\"bdt-position-relative bdt-visible-toggle\" bdt-slideshow=\"{&quot;animation&quot;:&quot;scale&quot;,&quot;ratio&quot;:&quot;300:300&quot;,&quot;min-height&quot;:300,&quot;autoplay&quot;:true,&quot;autoplay-interval&quot;:7000,&quot;pause-on-hover&quot;:false,&quot;draggable&quot;:true,&quot;velocity&quot;:1,&quot;finite&quot;:false}\" data-settings=\"{&quot;id&quot;:&quot;#bdt-2cebeb9&quot;,&quot;animation_status&quot;:&quot;no&quot;}\" id=\"bdt-2cebeb9\">\n\t\t\t\t\t<ul class=\"bdt-slideshow-items\">\n\t\t\t\t\t\t\n\t\t\t<li\n\t\t\t\tclass=\"bdt-slideshow-item bdt-flex bdt-flex-middle bdt-flex-center elementor-repeater-item-41c864e\">\n\t\t\t\t\n\t\t\t\t\t\t\t\t\t\t\t\n\t\t<div class=\"bdt-ps-slide-img\" style=\"background-image: url('https:\/\/vifiber.com.br\/v2\/wp-content\/uploads\/2023\/09\/banner-solucao-de-parafina-mobile-1a.jpg')\"><\/div>\n\n\t\t\t\t\t\t\t\n\t\t\t\t\t\n\t\t\t\t\n\t\t\t\t\t\t<div class=\"bdt-prime-slider-wrapper\">\n\t\t\t<div class=\"bdt-prime-slider-content\">\n\t\t\t\t<div class=\"bdt-prime-slider-desc\">\n\n\t\t\t\t\t\n\t\t\t\t\t\n\t\t\t\t\t\n\t\t\t\t\t<div >\n\t\t\t\t\t\t<div class=\"bdt-btn-wrapper\">\n\t\t\t\t\t\t\t\t\t\t\t\t\t<\/div>\n\t\t\t\t\t<\/div>\n\t\t\t\t<\/div>\n\n\t\t\t\t\n\t\t\t<\/div>\n\t\t<\/div>\n\t\t\t\t\t<\/li>\n\n\t\t\n\t\t\t\t\t<\/ul>\n\t\t\t\t\t\n\t\t\t\t\t\t\t\t<div class=\"reveal-muted\">\n\t\t\t\t<a class=\"bdt-position-bottom-right bdt-prime-slider-previous\" href=\"#\" bdt-slidenav-previous\n\t\t\t\t\tbdt-slideshow-item=\"previous\"><\/a>\n\t\t\t\t<a class=\"bdt-position-bottom-right bdt-prime-slider-next\" href=\"#\" bdt-slidenav-next bdt-slideshow-item=\"next\"><\/a>\n\t\t\t<\/div>\n\n\t\t\n\t\t\t\t\t\t\t\n\t\t\t\t\t<div >\n\t\t\t\t<ul class=\"bdt-slideshow-nav bdt-dotnav bdt-margin-large bdt-position-bottom-left bdt-text-center reveal-muted\">\n\t\t\t\t<\/ul>\n\t\t\t<\/div>\n\t\t\n\t\t\t\t\t\t<\/div>\n\t\t\t\t\t\t\t\t\t\t\t<\/div>\n\t\t<\/div>\n\t\t\t\t\t\t<\/div>\n\t\t\t\t<\/div>\n\t\t\t\t<\/div>\n\t\t<div class=\"elementor-element elementor-element-7bbae8e e-con-full e-flex e-con e-parent\" data-id=\"7bbae8e\" data-element_type=\"container\" data-e-type=\"container\">\n\t\t\t\t<div class=\"elementor-element elementor-element-c7f8483 elementor-widget elementor-widget-image\" data-id=\"c7f8483\" data-element_type=\"widget\" data-e-type=\"widget\" data-widget_type=\"image.default\">\n\t\t\t\t<div class=\"elementor-widget-container\">\n\t\t\t\t\t\t\t\t\t\t\t\t\t\t\t<img fetchpriority=\"high\" decoding=\"async\" width=\"1910\" height=\"135\" src=\"https:\/\/vifiber.com.br\/v2\/wp-content\/uploads\/2023\/06\/sombra-down-1.png\" class=\"attachment-full size-full wp-image-367\" alt=\"\" srcset=\"https:\/\/vifiber.com.br\/v2\/wp-content\/uploads\/2023\/06\/sombra-down-1.png 1910w, https:\/\/vifiber.com.br\/v2\/wp-content\/uploads\/2023\/06\/sombra-down-1-300x21.png 300w, https:\/\/vifiber.com.br\/v2\/wp-content\/uploads\/2023\/06\/sombra-down-1-1024x72.png 1024w, https:\/\/vifiber.com.br\/v2\/wp-content\/uploads\/2023\/06\/sombra-down-1-768x54.png 768w, https:\/\/vifiber.com.br\/v2\/wp-content\/uploads\/2023\/06\/sombra-down-1-1536x109.png 1536w\" sizes=\"(max-width: 1910px) 100vw, 1910px\" \/>\t\t\t\t\t\t\t\t\t\t\t\t\t\t\t<\/div>\n\t\t\t\t<\/div>\n\t\t\t\t<\/div>\n\t\t<div class=\"elementor-element elementor-element-ffd7760 e-con-full e-flex e-con e-parent\" data-id=\"ffd7760\" data-element_type=\"container\" data-e-type=\"container\">\n\t\t<div class=\"elementor-element elementor-element-ad3fd5e e-con-full e-flex e-con e-child\" data-id=\"ad3fd5e\" data-element_type=\"container\" data-e-type=\"container\">\n\t\t\t\t<div class=\"elementor-element elementor-element-08c726c elementor-align-right elementor-widget elementor-widget-breadcrumbs\" data-id=\"08c726c\" data-element_type=\"widget\" data-e-type=\"widget\" data-widget_type=\"breadcrumbs.default\">\n\t\t\t\t<div class=\"elementor-widget-container\">\n\t\t\t\t\t<p id=\"breadcrumbs\"><span><span><a href=\"https:\/\/vifiber.com.br\/v2\/\">In\u00edcio<\/a><\/span><\/span><\/p>\t\t\t\t<\/div>\n\t\t\t\t<\/div>\n\t\t\t\t<div class=\"elementor-element elementor-element-cf7de22 elementor-widget elementor-widget-heading\" data-id=\"cf7de22\" data-element_type=\"widget\" data-e-type=\"widget\" data-widget_type=\"heading.default\">\n\t\t\t\t<div class=\"elementor-widget-container\">\n\t\t\t\t\t<h2 class=\"elementor-heading-title elementor-size-default\"><span style=\"font-weight: 800\">Solu\u00e7\u00e3o<\/span> de Parafina\n\n<span style=\"font-weight: 800\"><\/span><\/h2>\t\t\t\t<\/div>\n\t\t\t\t<\/div>\n\t\t\t\t<\/div>\n\t\t\t\t<\/div>\n\t\t<div class=\"elementor-element elementor-element-291bea7 e-con-full e-flex e-con e-parent\" data-id=\"291bea7\" data-element_type=\"container\" data-e-type=\"container\">\n\t\t<div class=\"elementor-element elementor-element-90b313a e-con-full e-flex e-con e-child\" data-id=\"90b313a\" data-element_type=\"container\" data-e-type=\"container\">\n\t\t\t\t<div class=\"elementor-element elementor-element-0e5fff6 elementor-widget elementor-widget-heading\" data-id=\"0e5fff6\" data-element_type=\"widget\" data-e-type=\"widget\" data-widget_type=\"heading.default\">\n\t\t\t\t<div class=\"elementor-widget-container\">\n\t\t\t\t\t<h2 class=\"elementor-heading-title elementor-size-default\">Ideal para evitar <span style=\"font-weight: 800\">inibi\u00e7\u00e3o da cura do laminador<\/span>\n\n<span style=\"font-weight: 800\"><\/span><\/h2>\t\t\t\t<\/div>\n\t\t\t\t<\/div>\n\t\t\t\t<div class=\"elementor-element elementor-element-bd74c04 elementor-widget elementor-widget-heading\" data-id=\"bd74c04\" data-element_type=\"widget\" data-e-type=\"widget\" data-widget_type=\"heading.default\">\n\t\t\t\t<div class=\"elementor-widget-container\">\n\t\t\t\t\t<h2 class=\"elementor-heading-title elementor-size-default\">Solu\u00e7\u00e3o de Parafina \u00e9 normalmente utilizada na \u00faltima camada do revestimento para evitar a inibi\u00e7\u00e3o da cura do laminado evitando assim a perda da resist\u00eancia qu\u00edmica e dureza barcol.<\/h2>\t\t\t\t<\/div>\n\t\t\t\t<\/div>\n\t\t\t\t<\/div>\n\t\t\t\t<\/div>\n\t\t<div class=\"elementor-element elementor-element-28b5bd5 e-con-full e-flex e-con e-parent\" data-id=\"28b5bd5\" data-element_type=\"container\" data-e-type=\"container\">\n\t\t<div class=\"elementor-element elementor-element-aa22f1c e-con-full e-flex e-con e-child\" data-id=\"aa22f1c\" data-element_type=\"container\" data-e-type=\"container\">\n\t\t\t\t<div class=\"elementor-element elementor-element-90b2518 elementor-widget elementor-widget-heading\" data-id=\"90b2518\" data-element_type=\"widget\" data-e-type=\"widget\" data-widget_type=\"heading.default\">\n\t\t\t\t<div class=\"elementor-widget-container\">\n\t\t\t\t\t<h2 class=\"elementor-heading-title elementor-size-default\">*Imagens meramente ilustrativas<\/h2>\t\t\t\t<\/div>\n\t\t\t\t<\/div>\n\t\t\t\t<\/div>\n\t\t\t\t<\/div>\n\t\t<div class=\"elementor-element elementor-element-8550f4e e-con-full e-flex e-con e-parent\" data-id=\"8550f4e\" data-element_type=\"container\" data-e-type=\"container\" data-settings=\"{&quot;shape_divider_bottom&quot;:&quot;triangle&quot;,&quot;shape_divider_bottom_negative&quot;:&quot;yes&quot;}\">\n\t\t\t\t<div class=\"elementor-shape elementor-shape-bottom\" aria-hidden=\"true\" data-negative=\"true\">\n\t\t\t<svg xmlns=\"http:\/\/www.w3.org\/2000\/svg\" viewBox=\"0 0 1000 100\" preserveAspectRatio=\"none\">\n\t<path class=\"elementor-shape-fill\" d=\"M500.2,94.7L0,0v100h1000V0L500.2,94.7z\"\/>\n<\/svg>\t\t<\/div>\n\t\t<div class=\"elementor-element elementor-element-ba1e9d5 e-con-full e-flex e-con e-child\" data-id=\"ba1e9d5\" data-element_type=\"container\" data-e-type=\"container\">\n\t\t\t\t<\/div>\n\t\t\t\t<\/div>\n\t\t<div class=\"elementor-element elementor-element-7c1a917 e-con-full e-flex e-con e-parent\" data-id=\"7c1a917\" data-element_type=\"container\" data-e-type=\"container\" data-settings=\"{&quot;background_background&quot;:&quot;classic&quot;}\">\n\t\t<div class=\"elementor-element elementor-element-83fee6b e-con-full e-flex e-con e-child\" data-id=\"83fee6b\" data-element_type=\"container\" data-e-type=\"container\">\n\t\t\t\t<div class=\"elementor-element elementor-element-e631ef4 elementor-widget elementor-widget-spacer\" data-id=\"e631ef4\" data-element_type=\"widget\" data-e-type=\"widget\" data-widget_type=\"spacer.default\">\n\t\t\t\t<div class=\"elementor-widget-container\">\n\t\t\t\t\t\t\t<div class=\"elementor-spacer\">\n\t\t\t<div class=\"elementor-spacer-inner\"><\/div>\n\t\t<\/div>\n\t\t\t\t\t\t<\/div>\n\t\t\t\t<\/div>\n\t\t\t\t<\/div>\n\t\t\t\t<\/div>\n\t\t<div class=\"elementor-element elementor-element-1cf443c e-flex e-con-boxed e-con e-parent\" data-id=\"1cf443c\" data-element_type=\"container\" data-e-type=\"container\" data-settings=\"{&quot;background_background&quot;:&quot;gradient&quot;,&quot;shape_divider_top&quot;:&quot;triangle&quot;}\">\n\t\t\t\t\t<div class=\"e-con-inner\">\n\t\t\t\t<div class=\"elementor-shape elementor-shape-top\" aria-hidden=\"true\" data-negative=\"false\">\n\t\t\t<svg xmlns=\"http:\/\/www.w3.org\/2000\/svg\" viewBox=\"0 0 1000 100\" preserveAspectRatio=\"none\">\n\t<path class=\"elementor-shape-fill\" d=\"M500,98.9L0,6.1V0h1000v6.1L500,98.9z\"\/>\n<\/svg>\t\t<\/div>\n\t\t\t\t<div class=\"elementor-element elementor-element-faa982d elementor-widget elementor-widget-heading\" data-id=\"faa982d\" data-element_type=\"widget\" data-e-type=\"widget\" data-widget_type=\"heading.default\">\n\t\t\t\t<div class=\"elementor-widget-container\">\n\t\t\t\t\t<h2 class=\"elementor-heading-title elementor-size-default\">Solicite um <span style=\"font-weight: 800\">or\u00e7amento<\/span> sem compromisso <span style=\"font-weight: 800\">agora mesmo!<\/span>\n\n<span style=\"font-weight: 800\"><\/span><\/h2>\t\t\t\t<\/div>\n\t\t\t\t<\/div>\n\t\t\t\t<div class=\"elementor-element elementor-element-6452207 elementor-widget elementor-widget-heading\" data-id=\"6452207\" data-element_type=\"widget\" data-e-type=\"widget\" data-widget_type=\"heading.default\">\n\t\t\t\t<div class=\"elementor-widget-container\">\n\t\t\t\t\t<h2 class=\"elementor-heading-title elementor-size-default\">Envie-nos sua <span style=\"font-weight: 800\">necessidade ou ideia<\/span> e retornaremos em breve.\n\n<span style=\"font-weight: 800\"><\/span><\/h2>\t\t\t\t<\/div>\n\t\t\t\t<\/div>\n\t\t\t\t<div class=\"elementor-element elementor-element-183082c elementor-align-center e-transform e-transform elementor-invisible elementor-widget elementor-widget-button\" data-id=\"183082c\" data-element_type=\"widget\" data-e-type=\"widget\" data-settings=\"{&quot;_animation&quot;:&quot;bounceIn&quot;,&quot;_transform_scale_effect&quot;:{&quot;unit&quot;:&quot;px&quot;,&quot;size&quot;:1,&quot;sizes&quot;:[]},&quot;_transform_scale_effect_hover&quot;:{&quot;unit&quot;:&quot;px&quot;,&quot;size&quot;:1.1999999999999999555910790149937383830547332763671875,&quot;sizes&quot;:[]},&quot;_transform_scale_effect_hover_tablet&quot;:{&quot;unit&quot;:&quot;px&quot;,&quot;size&quot;:1.100000000000000088817841970012523233890533447265625,&quot;sizes&quot;:[]},&quot;_transform_scale_effect_hover_mobile&quot;:{&quot;unit&quot;:&quot;px&quot;,&quot;size&quot;:1.100000000000000088817841970012523233890533447265625,&quot;sizes&quot;:[]},&quot;_transform_scale_effect_tablet&quot;:{&quot;unit&quot;:&quot;px&quot;,&quot;size&quot;:&quot;&quot;,&quot;sizes&quot;:[]},&quot;_transform_scale_effect_mobile&quot;:{&quot;unit&quot;:&quot;px&quot;,&quot;size&quot;:&quot;&quot;,&quot;sizes&quot;:[]}}\" data-widget_type=\"button.default\">\n\t\t\t\t<div class=\"elementor-widget-container\">\n\t\t\t\t\t\t\t\t\t<div class=\"elementor-button-wrapper\">\n\t\t\t\t\t<a class=\"elementor-button elementor-button-link elementor-size-lg\" href=\"https:\/\/vifiber.com.br\/v2\/contato\/\">\n\t\t\t\t\t\t<span class=\"elementor-button-content-wrapper\">\n\t\t\t\t\t\t<span class=\"elementor-button-icon\">\n\t\t\t\t<svg aria-hidden=\"true\" class=\"e-font-icon-svg e-fas-check-circle\" viewBox=\"0 0 512 512\" xmlns=\"http:\/\/www.w3.org\/2000\/svg\"><path d=\"M504 256c0 136.967-111.033 248-248 248S8 392.967 8 256 119.033 8 256 8s248 111.033 248 248zM227.314 387.314l184-184c6.248-6.248 6.248-16.379 0-22.627l-22.627-22.627c-6.248-6.249-16.379-6.249-22.628 0L216 308.118l-70.059-70.059c-6.248-6.248-16.379-6.248-22.628 0l-22.627 22.627c-6.248 6.248-6.248 16.379 0 22.627l104 104c6.249 6.249 16.379 6.249 22.628.001z\"><\/path><\/svg>\t\t\t<\/span>\n\t\t\t\t\t\t\t\t\t<span class=\"elementor-button-text\">Quero um Or\u00e7amento<\/span>\n\t\t\t\t\t<\/span>\n\t\t\t\t\t<\/a>\n\t\t\t\t<\/div>\n\t\t\t\t\t\t\t\t<\/div>\n\t\t\t\t<\/div>\n\t\t\t\t\t<\/div>\n\t\t\t\t<\/div>\n\t\t\t\t<\/div>\n\t\t","protected":false},"excerpt":{"rendered":"<p>Solu\u00e7\u00e3o de Parafina Ideal para evitar inibi\u00e7\u00e3o da cura do laminador Solu\u00e7\u00e3o de Parafina \u00e9 normalmente utilizada na \u00faltima camada do revestimento para evitar a inibi\u00e7\u00e3o da cura do laminado evitando assim a perda da resist\u00eancia qu\u00edmica e dureza barcol. *Imagens meramente ilustrativas Solicite um or\u00e7amento sem compromisso agora mesmo! Envie-nos sua necessidade ou ideia [&hellip;]<\/p>\n","protected":false},"author":1,"featured_media":0,"parent":0,"menu_order":0,"comment_status":"closed","ping_status":"closed","template":"elementor_header_footer","meta":{"inline_featured_image":false,"_joinchat":[],"footnotes":""},"class_list":["post-1792","page","type-page","status-publish","hentry"],"yoast_head":"<!-- This site is optimized with the Yoast SEO plugin v27.4 - https:\/\/yoast.com\/product\/yoast-seo-wordpress\/ -->\n<title>Solu\u00e7\u00e3o de Parafina - VI Fiberglass<\/title>\n<meta name=\"robots\" content=\"index, follow, max-snippet:-1, max-image-preview:large, max-video-preview:-1\" \/>\n<link rel=\"canonical\" href=\"https:\/\/vifiber.com.br\/v2\/solucao-de-parafina\/\" \/>\n<meta property=\"og:locale\" content=\"pt_BR\" \/>\n<meta property=\"og:type\" content=\"article\" \/>\n<meta property=\"og:title\" content=\"Solu\u00e7\u00e3o de Parafina - VI Fiberglass\" \/>\n<meta property=\"og:description\" content=\"Solu\u00e7\u00e3o de Parafina Ideal para evitar inibi\u00e7\u00e3o da cura do laminador Solu\u00e7\u00e3o de Parafina \u00e9 normalmente utilizada na \u00faltima camada do revestimento para evitar a inibi\u00e7\u00e3o da cura do laminado evitando assim a perda da resist\u00eancia qu\u00edmica e dureza barcol. *Imagens meramente ilustrativas Solicite um or\u00e7amento sem compromisso agora mesmo! Envie-nos sua necessidade ou ideia [&hellip;]\" \/>\n<meta property=\"og:url\" content=\"https:\/\/vifiber.com.br\/v2\/solucao-de-parafina\/\" \/>\n<meta property=\"og:site_name\" content=\"VI Fiberglass\" \/>\n<meta property=\"article:modified_time\" content=\"2023-09-22T14:12:50+00:00\" \/>\n<meta property=\"og:image\" content=\"https:\/\/vifiber.com.br\/v2\/wp-content\/uploads\/2023\/06\/sombra-down-1.png\" \/>\n<meta name=\"twitter:card\" content=\"summary_large_image\" \/>\n<meta name=\"twitter:label1\" content=\"Est. tempo de leitura\" \/>\n\t<meta name=\"twitter:data1\" content=\"1 minuto\" \/>\n<script type=\"application\/ld+json\" class=\"yoast-schema-graph\">{\"@context\":\"https:\\\/\\\/schema.org\",\"@graph\":[{\"@type\":\"WebPage\",\"@id\":\"https:\\\/\\\/vifiber.com.br\\\/v2\\\/solucao-de-parafina\\\/\",\"url\":\"https:\\\/\\\/vifiber.com.br\\\/v2\\\/solucao-de-parafina\\\/\",\"name\":\"Solu\u00e7\u00e3o de Parafina - VI Fiberglass\",\"isPartOf\":{\"@id\":\"https:\\\/\\\/vifiber.com.br\\\/v2\\\/#website\"},\"primaryImageOfPage\":{\"@id\":\"https:\\\/\\\/vifiber.com.br\\\/v2\\\/solucao-de-parafina\\\/#primaryimage\"},\"image\":{\"@id\":\"https:\\\/\\\/vifiber.com.br\\\/v2\\\/solucao-de-parafina\\\/#primaryimage\"},\"thumbnailUrl\":\"https:\\\/\\\/vifiber.com.br\\\/v2\\\/wp-content\\\/uploads\\\/2023\\\/06\\\/sombra-down-1.png\",\"datePublished\":\"2023-07-20T16:02:27+00:00\",\"dateModified\":\"2023-09-22T14:12:50+00:00\",\"breadcrumb\":{\"@id\":\"https:\\\/\\\/vifiber.com.br\\\/v2\\\/solucao-de-parafina\\\/#breadcrumb\"},\"inLanguage\":\"pt-BR\",\"potentialAction\":[{\"@type\":\"ReadAction\",\"target\":[\"https:\\\/\\\/vifiber.com.br\\\/v2\\\/solucao-de-parafina\\\/\"]}]},{\"@type\":\"ImageObject\",\"inLanguage\":\"pt-BR\",\"@id\":\"https:\\\/\\\/vifiber.com.br\\\/v2\\\/solucao-de-parafina\\\/#primaryimage\",\"url\":\"https:\\\/\\\/vifiber.com.br\\\/v2\\\/wp-content\\\/uploads\\\/2023\\\/06\\\/sombra-down-1.png\",\"contentUrl\":\"https:\\\/\\\/vifiber.com.br\\\/v2\\\/wp-content\\\/uploads\\\/2023\\\/06\\\/sombra-down-1.png\",\"width\":1910,\"height\":135},{\"@type\":\"BreadcrumbList\",\"@id\":\"https:\\\/\\\/vifiber.com.br\\\/v2\\\/solucao-de-parafina\\\/#breadcrumb\",\"itemListElement\":[{\"@type\":\"ListItem\",\"position\":1,\"name\":\"In\u00edcio\",\"item\":\"https:\\\/\\\/vifiber.com.br\\\/v2\\\/\"},{\"@type\":\"ListItem\",\"position\":2,\"name\":\"Solu\u00e7\u00e3o de Parafina\"}]},{\"@type\":\"WebSite\",\"@id\":\"https:\\\/\\\/vifiber.com.br\\\/v2\\\/#website\",\"url\":\"https:\\\/\\\/vifiber.com.br\\\/v2\\\/\",\"name\":\"VI Fiberglass | Resinas, Fibra de Vidro e Gelcoats\",\"description\":\"Resinas e Fibras de Vidro\",\"publisher\":{\"@id\":\"https:\\\/\\\/vifiber.com.br\\\/v2\\\/#organization\"},\"potentialAction\":[{\"@type\":\"SearchAction\",\"target\":{\"@type\":\"EntryPoint\",\"urlTemplate\":\"https:\\\/\\\/vifiber.com.br\\\/v2\\\/?s={search_term_string}\"},\"query-input\":{\"@type\":\"PropertyValueSpecification\",\"valueRequired\":true,\"valueName\":\"search_term_string\"}}],\"inLanguage\":\"pt-BR\"},{\"@type\":\"Organization\",\"@id\":\"https:\\\/\\\/vifiber.com.br\\\/v2\\\/#organization\",\"name\":\"VI Fiberglass | Resinas, Fibra de Vidro e Gelcoats\",\"url\":\"https:\\\/\\\/vifiber.com.br\\\/v2\\\/\",\"logo\":{\"@type\":\"ImageObject\",\"inLanguage\":\"pt-BR\",\"@id\":\"https:\\\/\\\/vifiber.com.br\\\/v2\\\/#\\\/schema\\\/logo\\\/image\\\/\",\"url\":\"https:\\\/\\\/vifiber.com.br\\\/v2\\\/wp-content\\\/uploads\\\/2023\\\/06\\\/VI-Fiberglass-logo-v4-Final.svg\",\"contentUrl\":\"https:\\\/\\\/vifiber.com.br\\\/v2\\\/wp-content\\\/uploads\\\/2023\\\/06\\\/VI-Fiberglass-logo-v4-Final.svg\",\"width\":999,\"height\":620,\"caption\":\"VI Fiberglass | Resinas, Fibra de Vidro e Gelcoats\"},\"image\":{\"@id\":\"https:\\\/\\\/vifiber.com.br\\\/v2\\\/#\\\/schema\\\/logo\\\/image\\\/\"}}]}<\/script>\n<!-- \/ Yoast SEO plugin. -->","yoast_head_json":{"title":"Solu\u00e7\u00e3o de Parafina - VI Fiberglass","robots":{"index":"index","follow":"follow","max-snippet":"max-snippet:-1","max-image-preview":"max-image-preview:large","max-video-preview":"max-video-preview:-1"},"canonical":"https:\/\/vifiber.com.br\/v2\/solucao-de-parafina\/","og_locale":"pt_BR","og_type":"article","og_title":"Solu\u00e7\u00e3o de Parafina - VI Fiberglass","og_description":"Solu\u00e7\u00e3o de Parafina Ideal para evitar inibi\u00e7\u00e3o da cura do laminador Solu\u00e7\u00e3o de Parafina \u00e9 normalmente utilizada na \u00faltima camada do revestimento para evitar a inibi\u00e7\u00e3o da cura do laminado evitando assim a perda da resist\u00eancia qu\u00edmica e dureza barcol. *Imagens meramente ilustrativas Solicite um or\u00e7amento sem compromisso agora mesmo! Envie-nos sua necessidade ou ideia [&hellip;]","og_url":"https:\/\/vifiber.com.br\/v2\/solucao-de-parafina\/","og_site_name":"VI Fiberglass","article_modified_time":"2023-09-22T14:12:50+00:00","og_image":[{"url":"https:\/\/vifiber.com.br\/v2\/wp-content\/uploads\/2023\/06\/sombra-down-1.png","type":"","width":"","height":""}],"twitter_card":"summary_large_image","twitter_misc":{"Est. tempo de leitura":"1 minuto"},"schema":{"@context":"https:\/\/schema.org","@graph":[{"@type":"WebPage","@id":"https:\/\/vifiber.com.br\/v2\/solucao-de-parafina\/","url":"https:\/\/vifiber.com.br\/v2\/solucao-de-parafina\/","name":"Solu\u00e7\u00e3o de Parafina - VI Fiberglass","isPartOf":{"@id":"https:\/\/vifiber.com.br\/v2\/#website"},"primaryImageOfPage":{"@id":"https:\/\/vifiber.com.br\/v2\/solucao-de-parafina\/#primaryimage"},"image":{"@id":"https:\/\/vifiber.com.br\/v2\/solucao-de-parafina\/#primaryimage"},"thumbnailUrl":"https:\/\/vifiber.com.br\/v2\/wp-content\/uploads\/2023\/06\/sombra-down-1.png","datePublished":"2023-07-20T16:02:27+00:00","dateModified":"2023-09-22T14:12:50+00:00","breadcrumb":{"@id":"https:\/\/vifiber.com.br\/v2\/solucao-de-parafina\/#breadcrumb"},"inLanguage":"pt-BR","potentialAction":[{"@type":"ReadAction","target":["https:\/\/vifiber.com.br\/v2\/solucao-de-parafina\/"]}]},{"@type":"ImageObject","inLanguage":"pt-BR","@id":"https:\/\/vifiber.com.br\/v2\/solucao-de-parafina\/#primaryimage","url":"https:\/\/vifiber.com.br\/v2\/wp-content\/uploads\/2023\/06\/sombra-down-1.png","contentUrl":"https:\/\/vifiber.com.br\/v2\/wp-content\/uploads\/2023\/06\/sombra-down-1.png","width":1910,"height":135},{"@type":"BreadcrumbList","@id":"https:\/\/vifiber.com.br\/v2\/solucao-de-parafina\/#breadcrumb","itemListElement":[{"@type":"ListItem","position":1,"name":"In\u00edcio","item":"https:\/\/vifiber.com.br\/v2\/"},{"@type":"ListItem","position":2,"name":"Solu\u00e7\u00e3o de Parafina"}]},{"@type":"WebSite","@id":"https:\/\/vifiber.com.br\/v2\/#website","url":"https:\/\/vifiber.com.br\/v2\/","name":"VI Fiberglass | Resinas, Fibra de Vidro e Gelcoats","description":"Resinas e Fibras de Vidro","publisher":{"@id":"https:\/\/vifiber.com.br\/v2\/#organization"},"potentialAction":[{"@type":"SearchAction","target":{"@type":"EntryPoint","urlTemplate":"https:\/\/vifiber.com.br\/v2\/?s={search_term_string}"},"query-input":{"@type":"PropertyValueSpecification","valueRequired":true,"valueName":"search_term_string"}}],"inLanguage":"pt-BR"},{"@type":"Organization","@id":"https:\/\/vifiber.com.br\/v2\/#organization","name":"VI Fiberglass | Resinas, Fibra de Vidro e Gelcoats","url":"https:\/\/vifiber.com.br\/v2\/","logo":{"@type":"ImageObject","inLanguage":"pt-BR","@id":"https:\/\/vifiber.com.br\/v2\/#\/schema\/logo\/image\/","url":"https:\/\/vifiber.com.br\/v2\/wp-content\/uploads\/2023\/06\/VI-Fiberglass-logo-v4-Final.svg","contentUrl":"https:\/\/vifiber.com.br\/v2\/wp-content\/uploads\/2023\/06\/VI-Fiberglass-logo-v4-Final.svg","width":999,"height":620,"caption":"VI Fiberglass | Resinas, Fibra de Vidro e Gelcoats"},"image":{"@id":"https:\/\/vifiber.com.br\/v2\/#\/schema\/logo\/image\/"}}]}},"_links":{"self":[{"href":"https:\/\/vifiber.com.br\/v2\/wp-json\/wp\/v2\/pages\/1792","targetHints":{"allow":["GET"]}}],"collection":[{"href":"https:\/\/vifiber.com.br\/v2\/wp-json\/wp\/v2\/pages"}],"about":[{"href":"https:\/\/vifiber.com.br\/v2\/wp-json\/wp\/v2\/types\/page"}],"author":[{"embeddable":true,"href":"https:\/\/vifiber.com.br\/v2\/wp-json\/wp\/v2\/users\/1"}],"replies":[{"embeddable":true,"href":"https:\/\/vifiber.com.br\/v2\/wp-json\/wp\/v2\/comments?post=1792"}],"version-history":[{"count":28,"href":"https:\/\/vifiber.com.br\/v2\/wp-json\/wp\/v2\/pages\/1792\/revisions"}],"predecessor-version":[{"id":4562,"href":"https:\/\/vifiber.com.br\/v2\/wp-json\/wp\/v2\/pages\/1792\/revisions\/4562"}],"wp:attachment":[{"href":"https:\/\/vifiber.com.br\/v2\/wp-json\/wp\/v2\/media?parent=1792"}],"curies":[{"name":"wp","href":"https:\/\/api.w.org\/{rel}","templated":true}]}}